{"id":2,"date":"2015-08-16T05:47:34","date_gmt":"2015-08-16T05:47:34","guid":{"rendered":"https:\/\/bukkleader.hu\/old\/new\/?page_id=2"},"modified":"2016-06-10T10:12:25","modified_gmt":"2016-06-10T08:12:25","slug":"kapcsolat","status":"publish","type":"page","link":"https:\/\/bukkleader.hu\/old\/kapcsolat\/","title":{"rendered":"Kapcsolat"},"content":{"rendered":"<h2>Kapcsolat felv\u00e9tel, \u00edrjon nek\u00fcnk<\/h2>\n<table border=\"0\">\n<tbody>\n<tr>\n<td style=\"vertical-align: top;\">\n\n<!-- Fast Secure Contact Form plugin 4.0.52 - begin - FastSecureContactForm.com -->\r\n<div style=\"clear:both;\"><\/div>\n<p>Sz\u00edvesen vessz\u00fck a megjegyz\u00e9seket \u00e9s a k\u00e9rd\u00e9seket.<\/p>\r\n<div id=\"FSContact1\" style=\"width:99%; max-width:555px;\">\r\n<form action=\"https:\/\/bukkleader.hu\/old\/wp-json\/wp\/v2\/pages\/2#FSContact1\" id=\"fscf_form1\" method=\"post\">\r\n\n<div id=\"fscf_required1\">\n  <span style=\"text-align:left;\">*<\/span> <span style=\"text-align:left;\">a mez\u0151k kit\u00f6lt\u00e9se k\u00f6telez\u0151<\/span>\n<\/div>\n\n\n<div id=\"fscf_div_clear1_0\" style=\"clear:both;\">\n  <div id=\"fscf_div_field1_0\" style=\"clear:left; float:left; width:99%; max-width:550px; margin-right:10px;\">\r\n    <div style=\"text-align:left; padding-top:5px;\">\n      <label style=\"text-align:left;\" for=\"fscf_name1\">N\u00e9v:<span style=\"text-align:left;\">*<\/span><\/label>\n    <\/div>\r\n    <div style=\"text-align:left;\">\r\n      <input style=\"text-align:left; margin:0; width:99%; max-width:250px;\" type=\"text\" id=\"fscf_name1\" name=\"full_name\" value=\"\"  \/>\r\n    <\/div>\r\n  <\/div>\n<\/div>\n\n<div id=\"fscf_div_clear1_1\" style=\"clear:both;\">\n  <div id=\"fscf_div_field1_1\" style=\"clear:left; float:left; width:99%; max-width:550px; margin-right:10px;\">\n    <div style=\"text-align:left; padding-top:5px;\">\n      <label style=\"text-align:left;\" for=\"fscf_email1\">Email:<span style=\"text-align:left;\">*<\/span><\/label>\n    <\/div>\n    <div style=\"text-align:left;\">\n      <input style=\"text-align:left; margin:0; width:99%; max-width:250px;\" type=\"text\" id=\"fscf_email1\" name=\"email\" value=\"\"  \/>\n    <\/div>\n  <\/div>\n<\/div>\n\n<div id=\"fscf_div_clear1_4\" style=\"clear:both;\">\n  <div id=\"fscf_div_field1_4\" style=\"clear:left; float:left; width:99%; max-width:550px; margin-right:10px;\">\n    <div  id=\"fscf_label1_4\" style=\"text-align:left; padding-top:5px;\">\r\n      <label style=\"text-align:left;\" for=\"fscf_field1_4\">Telefon:<\/label>\n    <\/div>\n    <div style=\"text-align:left;\">\n      <input style=\"text-align:left; margin:0; width:99%; max-width:250px;\" type=\"text\" id=\"fscf_field1_4\" name=\"Telefon\" value=\"\"  \/>\n    <\/div>\n  <\/div>\n<\/div>\n\n<div id=\"fscf_div_clear1_2\" style=\"clear:both;\">\n  <div id=\"fscf_div_field1_2\" style=\"clear:left; float:left; width:99%; max-width:550px; margin-right:10px;\">\n    <div style=\"text-align:left; padding-top:5px;\">\n      <label style=\"text-align:left;\" for=\"fscf_field1_2\">T\u00e1rgy:<span style=\"text-align:left;\">*<\/span><\/label>\n    <\/div>\n    <div style=\"text-align:left;\">\n      <input style=\"text-align:left; margin:0; width:99%; max-width:250px;\" type=\"text\" id=\"fscf_field1_2\" name=\"subject\" value=\"\"  \/>\n    <\/div>\n  <\/div>\n<\/div>\n\n<div id=\"fscf_div_clear1_3\" style=\"clear:both;\">\n  <div id=\"fscf_div_field1_3\" style=\"clear:left; float:left; width:99%; max-width:550px; margin-right:10px;\">\n    <div style=\"text-align:left; padding-top:5px;\">\n      <label style=\"text-align:left;\" for=\"fscf_field1_3\">\u00dczenet:<span style=\"text-align:left;\">*<\/span><\/label>\n    <\/div>\n    <div style=\"text-align:left;\">\n      <textarea style=\"text-align:left; margin:0; width:99%; max-width:250px; height:120px;\" id=\"fscf_field1_3\" name=\"message\" cols=\"30\" rows=\"10\" ><\/textarea>\n    <\/div>\n  <\/div>\n<\/div>\r\n<div style=\"clear:both;\"><\/div>\n\n<div style=\"text-align:left; padding-top:5px;\">\n<\/div>\n<div id=\"fscf_captcha_image_div1\" style=\"width:250px; height:65px; padding-top:2px;\">\n      <img id=\"fscf_captcha_image1\" style=\"border-style:none; margin:0; padding:0px; padding-right:5px; float:left;\" src=\"https:\/\/bukkleader.hu\/old\/wp-content\/plugins\/si-contact-form\/captcha\/securimage_show.php?prefix=QSyiAqfpZvG7V5sz\" width=\"175\" height=\"60\" alt=\"CAPTCHA\" title=\"CAPTCHA\" \/>\n      <input id=\"fscf_captcha_prefix1\" type=\"hidden\" name=\"fscf_captcha_prefix1\" value=\"QSyiAqfpZvG7V5sz\" \/>\n     <div id=\"fscf_captcha_refresh1\">\n        <a href=\"#\" rel=\"nofollow\" title=\"Refresh\" onclick=\"fscf_captcha_refresh('1','\/old\/wp-content\/plugins\/si-contact-form\/captcha','https:\/\/bukkleader.hu\/old\/wp-content\/plugins\/si-contact-form\/captcha\/securimage_show.php?prefix='); return false;\">\n        <img src=\"https:\/\/bukkleader.hu\/old\/wp-content\/plugins\/si-contact-form\/captcha\/images\/refresh.png\" width=\"22\" height=\"20\" alt=\"Refresh\" style=\"border-style:none; margin:0; padding:0px; vertical-align:bottom;\" onclick=\"this.blur();\" \/><\/a>\r\n     <\/div>\r\n<\/div>\r\n\r\n<div id=\"fscf_captcha_field1\" style=\"text-align:left; padding-top:5px;\">\r\n     <label style=\"text-align:left;\" for=\"fscf_captcha_code1\">CAPTCHA Code:<span style=\"text-align:left;\">*<\/span><\/label>\r\n<\/div>\r\n<div style=\"text-align:left;\">\n     <input style=\"text-align:left; margin:0; width:50px;\" type=\"text\" value=\"\" autocomplete=\"off\" id=\"fscf_captcha_code1\" name=\"captcha_code\"  \/>\n<\/div>\n\n<div id=\"fscf_submit_div1\" style=\"text-align:left; clear:both; padding-top:15px;\">\r\n\t\t<input type=\"submit\" id=\"fscf_submit1\" style=\"cursor:pointer; margin:0;\" value=\"Elk\u00fcld\"  onclick=\"this.disabled=true; this.value='K\u00fcld\u00e9s folyamatban...'; this.form.submit();\" \/> \n<\/div>\n\n<input type=\"hidden\" name=\"fscf_submitted\" value=\"0\" \/>\n<input type=\"hidden\" name=\"fs_postonce_1\" value=\"0c8012ce67d2108dd927af9e6d5f7360,1777391332\" \/>\n<input type=\"hidden\" name=\"si_contact_action\" value=\"send\" \/>\n<input type=\"hidden\" name=\"form_id\" value=\"1\" \/>\n<input type=\"hidden\" name=\"mailto_id\" value=\"1\" \/>\n\n<\/form>\n<\/div>\r\n<div style=\"clear:both;\"><\/div>\n\n<!-- Fast Secure Contact Form plugin 4.0.52 - end - FastSecureContactForm.com -->\n<\/td>\n<td><img data-attachment-id=\"80\" data-permalink=\"https:\/\/bukkleader.hu\/old\/strategiank\/bukk-leader-logo150x150w\/\" data-orig-file=\"https:\/\/bukkleader.hu\/old\/wp-content\/uploads\/2015\/08\/bukk-leader-logo150x150w.jpg\" data-orig-size=\"150,150\" data-comments-opened=\"1\" data-image-meta=\"{&quot;aperture&quot;:&quot;0&quot;,&quot;credit&quot;:&quot;&quot;,&quot;camera&quot;:&quot;&quot;,&quot;caption&quot;:&quot;&quot;,&quot;created_timestamp&quot;:&quot;0&quot;,&quot;copyright&quot;:&quot;&quot;,&quot;focal_length&quot;:&quot;0&quot;,&quot;iso&quot;:&quot;0&quot;,&quot;shutter_speed&quot;:&quot;0&quot;,&quot;title&quot;:&quot;&quot;,&quot;orientation&quot;:&quot;0&quot;}\" data-image-title=\"\" data-image-description=\"\" data-image-caption=\"\" data-medium-file=\"https:\/\/bukkleader.hu\/old\/wp-content\/uploads\/2015\/08\/bukk-leader-logo150x150w.jpg\" data-large-file=\"https:\/\/bukkleader.hu\/old\/wp-content\/uploads\/2015\/08\/bukk-leader-logo150x150w.jpg\" loading=\"lazy\" class=\"size-full wp-image-80 alignright\" src=\"https:\/\/bukkleader.hu\/old\/wp-content\/uploads\/2015\/08\/bukk-leader-logo150x150w.jpg\" alt=\"B\u00fckk - t\u00e9rs\u00e9gi LEADER Egyes\u00fclet log\u00f3\" width=\"150\" height=\"150\" srcset=\"https:\/\/bukkleader.hu\/old\/wp-content\/uploads\/2015\/08\/bukk-leader-logo150x150w.jpg 150w, https:\/\/bukkleader.hu\/old\/wp-content\/uploads\/2015\/08\/bukk-leader-logo150x150w-118x118.jpg 118w\" sizes=\"(max-width: 150px) 100vw, 150px\" \/><\/td>\n<\/tr>\n<\/tbody>\n<\/table>\n<h3>El\u00e9rhet\u0151s\u00e9geink<\/h3>\n<p>HACS n\u00e9v: <strong>B\u00fckk-T\u00e9rs\u00e9gi LEADER Egyes\u00fclet<\/strong><\/p>\n<ul>\n<li>Postac\u00edm\/\u00fcgyf\u00e9lszolg\u00e1lati iroda c\u00edme: <strong>3554 B\u00fckkaranyos, Nagy-ferenczi tanya<\/strong><\/li>\n<li>Tel.: <strong>46\/576-280<\/strong><\/li>\n<li>Fax: <strong>46\/576-281<\/strong><\/li>\n<li>E-mail:\u00a0<strong><a href=\"mailto:hacs@bukkleader.hu\" target=\"_blank\">hacs@bukkleader.hu<\/a><\/strong><\/li>\n<\/ul>\n<h3>Nyitvatart\u00e1s, \u00fcgyf\u00e9lfogad\u00e1s (telefonon, el\u0151re egyeztetett id\u0151pontban):<\/h3>\n<ul>\n<li>H\u00e9tf\u0151: 8:00 &#8211; 16:00<\/li>\n<li>Kedd: 8:00 &#8211; 16:00<\/li>\n<li>Szerda: 8:00 &#8211; 18:00<\/li>\n<li>Cs\u00fct\u00f6rt\u00f6k: 8:00 &#8211; 16:00<\/li>\n<li>P\u00e9ntek: 8:00 &#8211; 16:00<\/li>\n<\/ul>\n<h3>Megk\u00f6zel\u00edthet\u0151s\u00e9g:<\/h3>\n<p><iframe loading=\"lazy\" style=\"width: 100%; max-width: 700px; height: 400px;\" src=\"http:\/\/maps.google.hu\/maps?source=embed&amp;f=d&amp;saddr=&amp;daddr=47.971034,20.796883&amp;geocode=&amp;hl=hu&amp;mra=dme&amp;mrcr=0&amp;mrsp=1&amp;sz=17&amp;sll=47.970797,20.796325&amp;sspn=0.003577,0.009645&amp;ie=UTF8&amp;t=h&amp;ll=47.970818,20.796304&amp;spn=0.017871,0.030985&amp;z=15&amp;output=embed\" width=\"300\" height=\"150\" frameborder=\"0\" marginwidth=\"0\" marginheight=\"0\" scrolling=\"no\"><\/iframe><\/p>\n<div class=\"sharedaddy sd-sharing-enabled\"><div class=\"robots-nocontent sd-block sd-social sd-social-icon sd-sharing\"><h3 class=\"sd-title\">Share this:<\/h3><div class=\"sd-content\"><ul><li class=\"share-facebook\"><a rel=\"nofollow noopener noreferrer\" data-shared=\"sharing-facebook-2\" class=\"share-facebook sd-button share-icon no-text\" href=\"https:\/\/bukkleader.hu\/old\/kapcsolat\/?share=facebook\" target=\"_blank\" title=\"Click to share on Facebook\"><span><\/span><span class=\"sharing-screen-reader-text\">Click to share on Facebook (Opens in new window)<\/span><\/a><\/li><li class=\"share-twitter\"><a rel=\"nofollow noopener noreferrer\" data-shared=\"sharing-twitter-2\" class=\"share-twitter sd-button share-icon no-text\" href=\"https:\/\/bukkleader.hu\/old\/kapcsolat\/?share=twitter\" target=\"_blank\" title=\"Click to share on Twitter\"><span><\/span><span class=\"sharing-screen-reader-text\">Click to share on Twitter (Opens in new window)<\/span><\/a><\/li><li class=\"share-print\"><a rel=\"nofollow noopener noreferrer\" data-shared=\"\" class=\"share-print sd-button share-icon no-text\" href=\"https:\/\/bukkleader.hu\/old\/kapcsolat\/\" target=\"_blank\" title=\"Click to print\"><span><\/span><span class=\"sharing-screen-reader-text\">Click to print (Opens in new window)<\/span><\/a><\/li><li class=\"share-email\"><a rel=\"nofollow noopener noreferrer\" data-shared=\"\" class=\"share-email sd-button share-icon no-text\" href=\"https:\/\/bukkleader.hu\/old\/kapcsolat\/?share=email\" target=\"_blank\" title=\"Click to email this to a friend\"><span><\/span><span class=\"sharing-screen-reader-text\">Click to email this to a friend (Opens in new window)<\/span><\/a><\/li><li class=\"share-end\"><\/li><\/ul><\/div><\/div><\/div>","protected":false},"excerpt":{"rendered":"<p>Kapcsolat felv\u00e9tel, \u00edrjon nek\u00fcnk El\u00e9rhet\u0151s\u00e9geink HACS n\u00e9v: B\u00fckk-T\u00e9rs\u00e9gi LEADER Egyes\u00fclet Postac\u00edm\/\u00fcgyf\u00e9lszolg\u00e1lati iroda c\u00edme: 3554 B\u00fckkaranyos, Nagy-ferenczi tanya Tel.: 46\/576-280 Fax: 46\/576-281 E-mail:\u00a0hacs@bukkleader.hu Nyitvatart\u00e1s, \u00fcgyf\u00e9lfogad\u00e1s (telefonon, el\u0151re egyeztetett id\u0151pontban): H\u00e9tf\u0151: 8:00 &#8211; 16:00 Kedd: 8:00 &#8211; 16:00 Szerda: 8:00 &#8211; 18:00 Cs\u00fct\u00f6rt\u00f6k: 8:00 &#8211; 16:00 P\u00e9ntek: 8:00 &#8211; 16:00 Megk\u00f6zel\u00edthet\u0151s\u00e9g:<\/p>\n<div class=\"sharedaddy sd-sharing-enabled\"><div class=\"robots-nocontent sd-block sd-social sd-social-icon sd-sharing\"><h3 class=\"sd-title\">Share this:<\/h3><div class=\"sd-content\"><ul><li class=\"share-facebook\"><a rel=\"nofollow noopener noreferrer\" data-shared=\"sharing-facebook-2\" class=\"share-facebook sd-button share-icon no-text\" href=\"https:\/\/bukkleader.hu\/old\/kapcsolat\/?share=facebook\" target=\"_blank\" title=\"Click to share on Facebook\"><span><\/span><span class=\"sharing-screen-reader-text\">Click to share on Facebook (Opens in new window)<\/span><\/a><\/li><li class=\"share-twitter\"><a rel=\"nofollow noopener noreferrer\" data-shared=\"sharing-twitter-2\" class=\"share-twitter sd-button share-icon no-text\" href=\"https:\/\/bukkleader.hu\/old\/kapcsolat\/?share=twitter\" target=\"_blank\" title=\"Click to share on Twitter\"><span><\/span><span class=\"sharing-screen-reader-text\">Click to share on Twitter (Opens in new window)<\/span><\/a><\/li><li class=\"share-print\"><a rel=\"nofollow noopener noreferrer\" data-shared=\"\" class=\"share-print sd-button share-icon no-text\" href=\"https:\/\/bukkleader.hu\/old\/kapcsolat\/\" target=\"_blank\" title=\"Click to print\"><span><\/span><span class=\"sharing-screen-reader-text\">Click to print (Opens in new window)<\/span><\/a><\/li><li class=\"share-email\"><a rel=\"nofollow noopener noreferrer\" data-shared=\"\" class=\"share-email sd-button share-icon no-text\" href=\"https:\/\/bukkleader.hu\/old\/kapcsolat\/?share=email\" target=\"_blank\" title=\"Click to email this to a friend\"><span><\/span><span class=\"sharing-screen-reader-text\">Click to email this to a friend (Opens in new window)<\/span><\/a><\/li><li class=\"share-end\"><\/li><\/ul><\/div><\/div><\/div>","protected":false},"author":1,"featured_media":0,"parent":0,"menu_order":0,"comment_status":"open","ping_status":"closed","template":"","meta":{"_bbp_topic_count":0,"_bbp_reply_count":0,"_bbp_total_topic_count":0,"_bbp_total_reply_count":0,"_bbp_voice_count":0,"_bbp_anonymous_reply_count":0,"_bbp_topic_count_hidden":0,"_bbp_reply_count_hidden":0,"_bbp_forum_subforum_count":0,"spay_email":""},"jetpack_sharing_enabled":true,"jetpack-related-posts":[{"id":34,"url":"https:\/\/bukkleader.hu\/old\/","url_meta":{"origin":2,"position":0},"title":"P\u00e1ly\u00e1z\u00f3k figyelm\u00e9be!  Helyi t\u00e1mogat\u00e1si k\u00e9relem beny\u00fajt\u00e1s\u00e1nak felf\u00fcggeszt\u00e9se!","date":"2015-08-28","format":false,"excerpt":"\u00a0 P\u00e1ly\u00e1z\u00f3k figyelm\u00e9be! Helyi t\u00e1mogat\u00e1si k\u00e9relem beny\u00fajt\u00e1s\u00e1nak felf\u00fcggeszt\u00e9se! T\u00e1j\u00e9koztatjuk\u00a0Tisztelt P\u00e1ly\u00e1z\u00f3inkat, hogy a Temetkez\u00e9si hagyom\u00e1nyok \u00e1pol\u00e1sa (VP6-19.2.1.-15-8-17) elnevez\u00e9s\u0171 t\u00e1mogat\u00e1si k\u00e9relmek tov\u00e1bbi beny\u00fajt\u00e1s\u00e1t\u00a02018. 04. 01.-\u00e9n\u00a0felf\u00fcggesztj\u00fck!\u00a0 Indoka, hogy az els\u0151 p\u00e1ly\u00e1zati szakasz z\u00e1r\u00e1sakor az ig\u00e9nyelt t\u00e1mogat\u00e1sok \u00f6sszege meghaladja a 200%-ot. \u00a0 \u00a0 \u00a0 \u00a0","rel":"","context":"Similar post","img":{"alt_text":"","src":"https:\/\/i2.wp.com\/bukkleader.hu\/old\/wp-content\/uploads\/2017\/12\/danger.png?resize=350%2C200&ssl=1","width":350,"height":200},"classes":[]},{"id":62,"url":"https:\/\/bukkleader.hu\/old\/tagjaink\/","url_meta":{"origin":2,"position":1},"title":"Tagjaink","date":"2015-08-29","format":false,"excerpt":"1. Alacska K\u00f6zs\u00e9g \u00d6nkorm\u00e1nyzata 2. Als\u00f3zsolca V\u00e1ros \u00d6nkorm\u00e1nyzata 3. Arn\u00f3t K\u00f6zs\u00e9g \u00d6nkorm\u00e1nyzata 4. Bog\u00e1cs K\u00f6zs\u00e9g \u00d6nkorm\u00e1nyzata 5. Borsodgeszt K\u00f6zs\u00e9g \u00d6nkorm\u00e1nyzata 6. B\u0151cs K\u00f6zs\u00e9g \u00d6nkorm\u00e1nyzata 7. B\u00fckk\u00e1br\u00e1ny K\u00f6zs\u00e9g \u00d6nkorm\u00e1nyzata 8. B\u00fckkaranyos K\u00f6zs\u00e9gi \u00d6nkorm\u00e1nyzata 9. B\u00fckkszentkereszt K\u00f6zs\u00e9g \u00d6nkorm\u00e1nyzata 10. B\u00fckkzs\u00e9rc K\u00f6zs\u00e9g \u00d6nkorm\u00e1nyzata 11. Cser\u00e9pfalu K\u00f6zs\u00e9g \u00d6nkorm\u00e1nyzata 12. Cser\u00e9pv\u00e1ralja K\u00f6zs\u00e9g \u00d6nkorm\u00e1nyzata 13. D\u00e9destapolcs\u00e1ny\u2026","rel":"","context":"Similar post","img":{"alt_text":"","src":"","width":0,"height":0},"classes":[]},{"id":2565,"url":"https:\/\/bukkleader.hu\/old\/nyertes-palyazoink-2014-2020\/","url_meta":{"origin":2,"position":2},"title":"Nyertes p\u00e1ly\u00e1z\u00f3ink 2014-2020","date":"2020-04-24","format":false,"excerpt":"\u00d6sszes\u00edt\u00e9s a B\u00fckk-T\u00e9rs\u00e9gi LEADER Egyes\u00fclet ter\u00fclet\u00e9n a 2014-2020-as id\u0151szakban t\u00e1mogatott projektekr\u0151l (2020.10.07-i \u00e1llapot) T\u00e1mogat\u00e1st ig\u00e9nyl\u0151 Meg\u00edt\u00e9lt t\u00e1mogat\u00e1s (Ft) Megval\u00f3s\u00edt\u00e1s helye LEADER TUDOMKA PONTOK KIALAK\u00cdT\u00c1SA VP6-19.2.1.-15-1-17 Hagyom\u00e1nyteremt\u0151 M\u0171v\u00e9szeti \u00e9s Oktat\u00e1si Nonprofit Kft. 2 501 580 Saj\u00f3l\u00e1d \"Bar\u00e1tainkkal az \u00faton\" Alap\u00edtv\u00e1ny 2 882 904 Borsodgeszt \"Csak term\u00e9szetesen\" Nonprofit Kft. 2 999 994\u2026","rel":"","context":"Similar post","img":{"alt_text":"","src":"","width":0,"height":0},"classes":[]},{"id":835,"url":"https:\/\/bukkleader.hu\/old\/strategiank-2014-2020\/","url_meta":{"origin":2,"position":3},"title":"Strat\u00e9gi\u00e1nk 2014-2020","date":"2015-10-23","format":false,"excerpt":"\u00a0 K\u00f6zz\u00e9t\u00e9tel d\u00e1tuma: 2017. 05. 30. A Minisztereln\u00f6ks\u00e9g Agr\u00e1r-vid\u00e9kfejleszt\u00e9s\u00e9rt Felel\u0151s \u00c1llamtitk\u00e1rs\u00e1g\u00e1nak Ir\u00e1ny\u00edt\u00f3 Hat\u00f3s\u00e1ga \u00e9s a B\u00fckk-T\u00e9rs\u00e9gi LEADER Egyes\u00fclet Egy\u00fcttm\u0171k\u00f6d\u00e9si Meg\u00e1llapod\u00e1sa a Helyi Fejleszt\u00e9si Strat\u00e9gia megval\u00f3s\u00edt\u00e1s\u00e1ra \u00e9s a HACS m\u0171k\u00f6d\u00e9si \u00e9s anim\u00e1ci\u00f3s k\u00f6lts\u00e9geinek t\u00e1mogat\u00e1s\u00e1ra. Itt olvashat\u00f3 >> \u00a0 K\u00f6zz\u00e9t\u00e9tel d\u00e1tuma: 2017. 05. 30. A B\u00fckk-T\u00e9rs\u00e9gi LEADER Egyes\u00fclet K\u00f6zgy\u0171l\u00e9se 2017. 05. 29.-\u00e9n\u2026","rel":"","context":"Similar post","img":{"alt_text":"eu-strukturalis-alap700x238-w","src":"https:\/\/i0.wp.com\/bukkleader.hu\/old\/wp-content\/uploads\/2015\/10\/eu-strukturalis-alap700x238-w.jpg?resize=350%2C200&ssl=1","width":350,"height":200},"classes":[]},{"id":24,"url":"https:\/\/bukkleader.hu\/old\/rolunk\/","url_meta":{"origin":2,"position":4},"title":"R\u00f3lunk","date":"2015-08-28","format":false,"excerpt":"A nagy sikereket el\u00e9rt, k\u00f6zel 3 milli\u00e1rd Ft EMVA t\u00e1mogat\u00e1st kip\u00e1ly\u00e1ztat\u00f3 B\u00dcKK-MAK LEADER vid\u00e9kfejleszt\u00e9si k\u00f6z\u00f6ss\u00e9g (www.bukkmakleader.hu) a 2012-2015. id\u0151szakban a B\u00fckk-Miskolc t\u00e9rs\u00e9gr\u0151l p\u00e1ly\u00e1zhat\u00f3 vid\u00e9kfejleszt\u00e9si forr\u00e1sok megszerz\u00e9se \u00e9rdek\u00e9ben, a Vid\u00e9kfejleszt\u00e9si Miniszt\u00e9rium (VM) k\u00f6telez\u0151 el\u0151\u00edr\u00e1s\u00e1nak (54\/2011. VM rendelet) megfelel\u0151en \u2013 miszerint \u201e2012. \u00e1prilis 30-\u00e1t k\u00f6vet\u0151en LEADER HACS c\u00edmmel kiz\u00e1r\u00f3lag egyes\u00fclet rendelkezhet, illetve\u2026","rel":"","context":"Similar post","img":{"alt_text":"","src":"https:\/\/i1.wp.com\/bukkleader.hu\/old\/wp-content\/uploads\/2015\/08\/image003.jpg?resize=350%2C200&ssl=1","width":350,"height":200},"classes":[]}],"_links":{"self":[{"href":"https:\/\/bukkleader.hu\/old\/wp-json\/wp\/v2\/pages\/2"}],"collection":[{"href":"https:\/\/bukkleader.hu\/old\/wp-json\/wp\/v2\/pages"}],"about":[{"href":"https:\/\/bukkleader.hu\/old\/wp-json\/wp\/v2\/types\/page"}],"author":[{"embeddable":true,"href":"https:\/\/bukkleader.hu\/old\/wp-json\/wp\/v2\/users\/1"}],"replies":[{"embeddable":true,"href":"https:\/\/bukkleader.hu\/old\/wp-json\/wp\/v2\/comments?post=2"}],"version-history":[{"count":24,"href":"https:\/\/bukkleader.hu\/old\/wp-json\/wp\/v2\/pages\/2\/revisions"}],"predecessor-version":[{"id":942,"href":"https:\/\/bukkleader.hu\/old\/wp-json\/wp\/v2\/pages\/2\/revisions\/942"}],"wp:attachment":[{"href":"https:\/\/bukkleader.hu\/old\/wp-json\/wp\/v2\/media?parent=2"}],"curies":[{"name":"wp","href":"https:\/\/api.w.org\/{rel}","templated":true}]}}