{"id":1456,"date":"2017-12-16T21:56:30","date_gmt":"2017-12-16T20:56:30","guid":{"rendered":"https:\/\/bukkleader.hu\/old\/?page_id=1456"},"modified":"2017-12-18T15:54:02","modified_gmt":"2017-12-18T14:54:02","slug":"helyi-videkfejlesztesi-strategia-vegrehajtasa-2007-2013","status":"publish","type":"page","link":"https:\/\/bukkleader.hu\/old\/leader-felhivasok\/helyi-videkfejlesztesi-strategia-vegrehajtasa-2007-2013\/","title":{"rendered":"A Helyi Vid\u00e9kfejleszt\u00e9si Strat\u00e9gia V\u00e9grehajt\u00e1sa 2007-2013"},"content":{"rendered":"<ul>\n<li>B\u00dcKK-MAK LEADER NONPROFIT KFT.; B\u00dcKK-T\u00c9RS\u00c9GI LEADER EGYES\u00dcLET<br \/>\n A HELYI VID\u00c9KFEJLESZT\u00c9SI STRAT\u00c9GIA V\u00c9GREHAJT\u00c1SA<br \/>\n Z\u00c1R\u00d3JELENT\u00c9S<br \/>\n 2007-2013<\/li>\n<\/ul>\n<p><a class=\"btn\" href=\"https:\/\/bukkleader.hu\/old\/wp-content\/uploads\/2017\/12\/BTLE_Zarobeszamolo.pdf\" target=\"_blank\" rel=\"noopener\">A dokumentum itt olvashat\u00f3&gt;&gt;<\/a><\/p>\n<ul>\n<li>BTLE Z\u00e1r\u00f3besz\u00e1mol\u00f3 t\u00e1mogatott p\u00e1ly\u00e1zatok \u00f6sszes\u00edt\u00e9se t\u00e1bl\u00e1zat<\/li>\n<\/ul>\n<p><a class=\"btn\" href=\"https:\/\/bukkleader.hu\/old\/wp-content\/uploads\/2017\/12\/BTLE_Zarobeszamolo_tamogatott_palyazatok_osszesitese_xls.pdf\" target=\"_blank\" rel=\"noopener\">A t\u00e1bl\u00e1zat itt olvashat\u00f3&gt;&gt;<\/a><\/p>\n<div class=\"sharedaddy sd-sharing-enabled\"><div class=\"robots-nocontent sd-block sd-social sd-social-icon sd-sharing\"><h3 class=\"sd-title\">Share this:<\/h3><div class=\"sd-content\"><ul><li class=\"share-facebook\"><a rel=\"nofollow noopener noreferrer\" data-shared=\"sharing-facebook-1456\" class=\"share-facebook sd-button share-icon no-text\" href=\"https:\/\/bukkleader.hu\/old\/leader-felhivasok\/helyi-videkfejlesztesi-strategia-vegrehajtasa-2007-2013\/?share=facebook\" target=\"_blank\" title=\"Click to share on Facebook\"><span><\/span><span class=\"sharing-screen-reader-text\">Click to share on Facebook (Opens in new window)<\/span><\/a><\/li><li class=\"share-twitter\"><a rel=\"nofollow noopener noreferrer\" data-shared=\"sharing-twitter-1456\" class=\"share-twitter sd-button share-icon no-text\" href=\"https:\/\/bukkleader.hu\/old\/leader-felhivasok\/helyi-videkfejlesztesi-strategia-vegrehajtasa-2007-2013\/?share=twitter\" target=\"_blank\" title=\"Click to share on Twitter\"><span><\/span><span class=\"sharing-screen-reader-text\">Click to share on Twitter (Opens in new window)<\/span><\/a><\/li><li class=\"share-print\"><a rel=\"nofollow noopener noreferrer\" data-shared=\"\" class=\"share-print sd-button share-icon no-text\" href=\"https:\/\/bukkleader.hu\/old\/leader-felhivasok\/helyi-videkfejlesztesi-strategia-vegrehajtasa-2007-2013\/\" target=\"_blank\" title=\"Click to print\"><span><\/span><span class=\"sharing-screen-reader-text\">Click to print (Opens in new window)<\/span><\/a><\/li><li class=\"share-email\"><a rel=\"nofollow noopener noreferrer\" data-shared=\"\" class=\"share-email sd-button share-icon no-text\" href=\"https:\/\/bukkleader.hu\/old\/leader-felhivasok\/helyi-videkfejlesztesi-strategia-vegrehajtasa-2007-2013\/?share=email\" target=\"_blank\" title=\"Click to email this to a friend\"><span><\/span><span class=\"sharing-screen-reader-text\">Click to email this to a friend (Opens in new window)<\/span><\/a><\/li><li class=\"share-end\"><\/li><\/ul><\/div><\/div><\/div>","protected":false},"excerpt":{"rendered":"<p>B\u00dcKK-MAK LEADER NONPROFIT KFT.; B\u00dcKK-T\u00c9RS\u00c9GI LEADER EGYES\u00dcLET A HELYI VID\u00c9KFEJLESZT\u00c9SI STRAT\u00c9GIA V\u00c9GREHAJT\u00c1SA Z\u00c1R\u00d3JELENT\u00c9S 2007-2013 A dokumentum itt olvashat\u00f3&gt;&gt; BTLE Z\u00e1r\u00f3besz\u00e1mol\u00f3 t\u00e1mogatott p\u00e1ly\u00e1zatok \u00f6sszes\u00edt\u00e9se t\u00e1bl\u00e1zat A t\u00e1bl\u00e1zat itt olvashat\u00f3&gt;&gt;<\/p>\n<div class=\"sharedaddy sd-sharing-enabled\"><div class=\"robots-nocontent sd-block sd-social sd-social-icon sd-sharing\"><h3 class=\"sd-title\">Share this:<\/h3><div class=\"sd-content\"><ul><li class=\"share-facebook\"><a rel=\"nofollow noopener noreferrer\" data-shared=\"sharing-facebook-1456\" class=\"share-facebook sd-button share-icon no-text\" href=\"https:\/\/bukkleader.hu\/old\/leader-felhivasok\/helyi-videkfejlesztesi-strategia-vegrehajtasa-2007-2013\/?share=facebook\" target=\"_blank\" title=\"Click to share on Facebook\"><span><\/span><span class=\"sharing-screen-reader-text\">Click to share on Facebook (Opens in new window)<\/span><\/a><\/li><li class=\"share-twitter\"><a rel=\"nofollow noopener noreferrer\" data-shared=\"sharing-twitter-1456\" class=\"share-twitter sd-button share-icon no-text\" href=\"https:\/\/bukkleader.hu\/old\/leader-felhivasok\/helyi-videkfejlesztesi-strategia-vegrehajtasa-2007-2013\/?share=twitter\" target=\"_blank\" title=\"Click to share on Twitter\"><span><\/span><span class=\"sharing-screen-reader-text\">Click to share on Twitter (Opens in new window)<\/span><\/a><\/li><li class=\"share-print\"><a rel=\"nofollow noopener noreferrer\" data-shared=\"\" class=\"share-print sd-button share-icon no-text\" href=\"https:\/\/bukkleader.hu\/old\/leader-felhivasok\/helyi-videkfejlesztesi-strategia-vegrehajtasa-2007-2013\/\" target=\"_blank\" title=\"Click to print\"><span><\/span><span class=\"sharing-screen-reader-text\">Click to print (Opens in new window)<\/span><\/a><\/li><li class=\"share-email\"><a rel=\"nofollow noopener noreferrer\" data-shared=\"\" class=\"share-email sd-button share-icon no-text\" href=\"https:\/\/bukkleader.hu\/old\/leader-felhivasok\/helyi-videkfejlesztesi-strategia-vegrehajtasa-2007-2013\/?share=email\" target=\"_blank\" title=\"Click to email this to a friend\"><span><\/span><span class=\"sharing-screen-reader-text\">Click to email this to a friend (Opens in new window)<\/span><\/a><\/li><li class=\"share-end\"><\/li><\/ul><\/div><\/div><\/div>","protected":false},"author":4,"featured_media":0,"parent":1452,"menu_order":1,"comment_status":"closed","ping_status":"closed","template":"","meta":{"_bbp_topic_count":0,"_bbp_reply_count":0,"_bbp_total_topic_count":0,"_bbp_total_reply_count":0,"_bbp_voice_count":0,"_bbp_anonymous_reply_count":0,"_bbp_topic_count_hidden":0,"_bbp_reply_count_hidden":0,"_bbp_forum_subforum_count":0,"spay_email":""},"jetpack_sharing_enabled":true,"jetpack-related-posts":[{"id":68,"url":"https:\/\/bukkleader.hu\/old\/strategiank\/","url_meta":{"origin":1456,"position":0},"title":"Strat\u00e9gi\u00e1nk 2007-2014","date":"2015-08-29","format":false,"excerpt":"Eur\u00f3pai Mez\u0151gazdas\u00e1gi Vid\u00e9kfejleszt\u00e9si Alap:\u00a0a vid\u00e9ki ter\u00fcletekbe beruh\u00e1z\u00f3 Eur\u00f3pa Helyi Vid\u00e9kfejleszt\u00e9si Strat\u00e9gia Strat\u00e9gia elolvas\u00e1sa, let\u00f6lt\u00e9se","rel":"","context":"Similar post","img":{"alt_text":"","src":"","width":0,"height":0},"classes":[]},{"id":835,"url":"https:\/\/bukkleader.hu\/old\/strategiank-2014-2020\/","url_meta":{"origin":1456,"position":1},"title":"Strat\u00e9gi\u00e1nk 2014-2020","date":"2015-10-23","format":false,"excerpt":"\u00a0 K\u00f6zz\u00e9t\u00e9tel d\u00e1tuma: 2017. 05. 30. A Minisztereln\u00f6ks\u00e9g Agr\u00e1r-vid\u00e9kfejleszt\u00e9s\u00e9rt Felel\u0151s \u00c1llamtitk\u00e1rs\u00e1g\u00e1nak Ir\u00e1ny\u00edt\u00f3 Hat\u00f3s\u00e1ga \u00e9s a B\u00fckk-T\u00e9rs\u00e9gi LEADER Egyes\u00fclet Egy\u00fcttm\u0171k\u00f6d\u00e9si Meg\u00e1llapod\u00e1sa a Helyi Fejleszt\u00e9si Strat\u00e9gia megval\u00f3s\u00edt\u00e1s\u00e1ra \u00e9s a HACS m\u0171k\u00f6d\u00e9si \u00e9s anim\u00e1ci\u00f3s k\u00f6lts\u00e9geinek t\u00e1mogat\u00e1s\u00e1ra. Itt olvashat\u00f3 >> \u00a0 K\u00f6zz\u00e9t\u00e9tel d\u00e1tuma: 2017. 05. 30. A B\u00fckk-T\u00e9rs\u00e9gi LEADER Egyes\u00fclet K\u00f6zgy\u0171l\u00e9se 2017. 05. 29.-\u00e9n\u2026","rel":"","context":"Similar post","img":{"alt_text":"eu-strukturalis-alap700x238-w","src":"https:\/\/i0.wp.com\/bukkleader.hu\/old\/wp-content\/uploads\/2015\/10\/eu-strukturalis-alap700x238-w.jpg?resize=350%2C200&ssl=1","width":350,"height":200},"classes":[]},{"id":24,"url":"https:\/\/bukkleader.hu\/old\/rolunk\/","url_meta":{"origin":1456,"position":2},"title":"R\u00f3lunk","date":"2015-08-28","format":false,"excerpt":"A nagy sikereket el\u00e9rt, k\u00f6zel 3 milli\u00e1rd Ft EMVA t\u00e1mogat\u00e1st kip\u00e1ly\u00e1ztat\u00f3 B\u00dcKK-MAK LEADER vid\u00e9kfejleszt\u00e9si k\u00f6z\u00f6ss\u00e9g (www.bukkmakleader.hu) a 2012-2015. id\u0151szakban a B\u00fckk-Miskolc t\u00e9rs\u00e9gr\u0151l p\u00e1ly\u00e1zhat\u00f3 vid\u00e9kfejleszt\u00e9si forr\u00e1sok megszerz\u00e9se \u00e9rdek\u00e9ben, a Vid\u00e9kfejleszt\u00e9si Miniszt\u00e9rium (VM) k\u00f6telez\u0151 el\u0151\u00edr\u00e1s\u00e1nak (54\/2011. VM rendelet) megfelel\u0151en \u2013 miszerint \u201e2012. \u00e1prilis 30-\u00e1t k\u00f6vet\u0151en LEADER HACS c\u00edmmel kiz\u00e1r\u00f3lag egyes\u00fclet rendelkezhet, illetve\u2026","rel":"","context":"Similar post","img":{"alt_text":"","src":"https:\/\/i1.wp.com\/bukkleader.hu\/old\/wp-content\/uploads\/2015\/08\/image003.jpg?resize=350%2C200&ssl=1","width":350,"height":200},"classes":[]},{"id":144,"url":"https:\/\/bukkleader.hu\/old\/mukodesi-koltsegek\/","url_meta":{"origin":1456,"position":3},"title":"M\u0171k\u00f6d\u00e9si k\u00f6lts\u00e9gek","date":"2015-09-01","format":false,"excerpt":"A HACS m\u0171k\u00f6d\u00e9si k\u00f6lts\u00e9gei (friss\u00edtve: 2015.09.23.)A m\u0171k\u00f6d\u00e9si k\u00f6lts\u00e9gek t\u00e9teles elsz\u00e1mol\u00e1sa az MVH fel\u00e9 egy \u00e9s h\u00e1rom havonta beny\u00fajtott kifizet\u00e9si k\u00e9relmek t\u00e9teleinek megfelel\u0151en az al\u00e1bbi linkekre kattintva, t\u00e1mogat\u00e1si id\u0151szakonk\u00e9nt pdf form\u00e1tumban let\u00f6lthet\u0151:2012. m\u00e1jus 01. - 2012. m\u00e1jus 31. (b\u00e9r ktg.-ek) >>2012. m\u00e1jus 01. - 2012. j\u00fanius 30. >>2012. j\u00falius 01. -\u2026","rel":"","context":"Similar post","img":{"alt_text":"","src":"","width":0,"height":0},"classes":[]},{"id":1454,"url":"https:\/\/bukkleader.hu\/old\/leader-felhivasok\/kotelezo-tajekoztatas-es-nyilvanossag-biztositasa\/","url_meta":{"origin":1456,"position":4},"title":"K\u00f6telez\u0151 t\u00e1j\u00e9koztat\u00e1s \u00e9s nyilv\u00e1noss\u00e1g biztos\u00edt\u00e1sa","date":"2017-12-16","format":false,"excerpt":"Vid\u00e9kfejleszt\u00e9si Program Kedvezm\u00e9nyezettek t\u00e1j\u00e9koztat\u00e1si k\u00f6telezetts\u00e9gei 2014-2020. 2.1. A dokumentum olvas\u00e1sa, let\u00f6lt\u00e9se itt>> A B\u00fckk-T\u00e9rs\u00e9gi LEADER Egyes\u00fclet log\u00f3ja let\u00f6lthet\u0151 itt>>","rel":"","context":"Similar post","img":{"alt_text":"btle_logo","src":"https:\/\/i0.wp.com\/bukkleader.hu\/old\/wp-content\/uploads\/2017\/12\/btle_logo.jpg?resize=350%2C200&ssl=1","width":350,"height":200},"classes":[]},{"id":34,"url":"https:\/\/bukkleader.hu\/old\/","url_meta":{"origin":1456,"position":5},"title":"P\u00e1ly\u00e1z\u00f3k figyelm\u00e9be!  Helyi t\u00e1mogat\u00e1si k\u00e9relem beny\u00fajt\u00e1s\u00e1nak felf\u00fcggeszt\u00e9se!","date":"2015-08-28","format":false,"excerpt":"\u00a0 P\u00e1ly\u00e1z\u00f3k figyelm\u00e9be! Helyi t\u00e1mogat\u00e1si k\u00e9relem beny\u00fajt\u00e1s\u00e1nak felf\u00fcggeszt\u00e9se! T\u00e1j\u00e9koztatjuk\u00a0Tisztelt P\u00e1ly\u00e1z\u00f3inkat, hogy a Temetkez\u00e9si hagyom\u00e1nyok \u00e1pol\u00e1sa (VP6-19.2.1.-15-8-17) elnevez\u00e9s\u0171 t\u00e1mogat\u00e1si k\u00e9relmek tov\u00e1bbi beny\u00fajt\u00e1s\u00e1t\u00a02018. 04. 01.-\u00e9n\u00a0felf\u00fcggesztj\u00fck!\u00a0 Indoka, hogy az els\u0151 p\u00e1ly\u00e1zati szakasz z\u00e1r\u00e1sakor az ig\u00e9nyelt t\u00e1mogat\u00e1sok \u00f6sszege meghaladja a 200%-ot. \u00a0 \u00a0 \u00a0 \u00a0","rel":"","context":"Similar post","img":{"alt_text":"","src":"https:\/\/i2.wp.com\/bukkleader.hu\/old\/wp-content\/uploads\/2017\/12\/danger.png?resize=350%2C200&ssl=1","width":350,"height":200},"classes":[]}],"_links":{"self":[{"href":"https:\/\/bukkleader.hu\/old\/wp-json\/wp\/v2\/pages\/1456"}],"collection":[{"href":"https:\/\/bukkleader.hu\/old\/wp-json\/wp\/v2\/pages"}],"about":[{"href":"https:\/\/bukkleader.hu\/old\/wp-json\/wp\/v2\/types\/page"}],"author":[{"embeddable":true,"href":"https:\/\/bukkleader.hu\/old\/wp-json\/wp\/v2\/users\/4"}],"replies":[{"embeddable":true,"href":"https:\/\/bukkleader.hu\/old\/wp-json\/wp\/v2\/comments?post=1456"}],"version-history":[{"count":5,"href":"https:\/\/bukkleader.hu\/old\/wp-json\/wp\/v2\/pages\/1456\/revisions"}],"predecessor-version":[{"id":1479,"href":"https:\/\/bukkleader.hu\/old\/wp-json\/wp\/v2\/pages\/1456\/revisions\/1479"}],"up":[{"embeddable":true,"href":"https:\/\/bukkleader.hu\/old\/wp-json\/wp\/v2\/pages\/1452"}],"wp:attachment":[{"href":"https:\/\/bukkleader.hu\/old\/wp-json\/wp\/v2\/media?parent=1456"}],"curies":[{"name":"wp","href":"https:\/\/api.w.org\/{rel}","templated":true}]}}