{"id":1452,"date":"2017-12-16T21:55:12","date_gmt":"2017-12-16T20:55:12","guid":{"rendered":"https:\/\/bukkleader.hu\/old\/?page_id=1452"},"modified":"2017-12-16T21:55:12","modified_gmt":"2017-12-16T20:55:12","slug":"leader-felhivasok","status":"publish","type":"page","link":"https:\/\/bukkleader.hu\/old\/leader-felhivasok\/","title":{"rendered":"LEADER FELH\u00cdV\u00c1SOK"},"content":{"rendered":"<div class=\"sharedaddy sd-sharing-enabled\"><div class=\"robots-nocontent sd-block sd-social sd-social-icon sd-sharing\"><h3 class=\"sd-title\">Share this:<\/h3><div class=\"sd-content\"><ul><li class=\"share-facebook\"><a rel=\"nofollow noopener noreferrer\" data-shared=\"sharing-facebook-1452\" class=\"share-facebook sd-button share-icon no-text\" href=\"https:\/\/bukkleader.hu\/old\/leader-felhivasok\/?share=facebook\" target=\"_blank\" title=\"Click to share on Facebook\"><span><\/span><span class=\"sharing-screen-reader-text\">Click to share on Facebook (Opens in new window)<\/span><\/a><\/li><li class=\"share-twitter\"><a rel=\"nofollow noopener noreferrer\" data-shared=\"sharing-twitter-1452\" class=\"share-twitter sd-button share-icon no-text\" href=\"https:\/\/bukkleader.hu\/old\/leader-felhivasok\/?share=twitter\" target=\"_blank\" title=\"Click to share on Twitter\"><span><\/span><span class=\"sharing-screen-reader-text\">Click to share on Twitter (Opens in new window)<\/span><\/a><\/li><li class=\"share-print\"><a rel=\"nofollow noopener noreferrer\" data-shared=\"\" class=\"share-print sd-button share-icon no-text\" href=\"https:\/\/bukkleader.hu\/old\/leader-felhivasok\/\" target=\"_blank\" title=\"Click to print\"><span><\/span><span class=\"sharing-screen-reader-text\">Click to print (Opens in new window)<\/span><\/a><\/li><li class=\"share-email\"><a rel=\"nofollow noopener noreferrer\" data-shared=\"\" class=\"share-email sd-button share-icon no-text\" href=\"https:\/\/bukkleader.hu\/old\/leader-felhivasok\/?share=email\" target=\"_blank\" title=\"Click to email this to a friend\"><span><\/span><span class=\"sharing-screen-reader-text\">Click to email this to a friend (Opens in new window)<\/span><\/a><\/li><li class=\"share-end\"><\/li><\/ul><\/div><\/div><\/div>","protected":false},"excerpt":{"rendered":"<div class=\"sharedaddy sd-sharing-enabled\"><div class=\"robots-nocontent sd-block sd-social sd-social-icon sd-sharing\"><h3 class=\"sd-title\">Share this:<\/h3><div class=\"sd-content\"><ul><li class=\"share-facebook\"><a rel=\"nofollow noopener noreferrer\" data-shared=\"sharing-facebook-1452\" class=\"share-facebook sd-button share-icon no-text\" href=\"https:\/\/bukkleader.hu\/old\/leader-felhivasok\/?share=facebook\" target=\"_blank\" title=\"Click to share on Facebook\"><span><\/span><span class=\"sharing-screen-reader-text\">Click to share on Facebook (Opens in new window)<\/span><\/a><\/li><li class=\"share-twitter\"><a rel=\"nofollow noopener noreferrer\" data-shared=\"sharing-twitter-1452\" class=\"share-twitter sd-button share-icon no-text\" href=\"https:\/\/bukkleader.hu\/old\/leader-felhivasok\/?share=twitter\" target=\"_blank\" title=\"Click to share on Twitter\"><span><\/span><span class=\"sharing-screen-reader-text\">Click to share on Twitter (Opens in new window)<\/span><\/a><\/li><li class=\"share-print\"><a rel=\"nofollow noopener noreferrer\" data-shared=\"\" class=\"share-print sd-button share-icon no-text\" href=\"https:\/\/bukkleader.hu\/old\/leader-felhivasok\/\" target=\"_blank\" title=\"Click to print\"><span><\/span><span class=\"sharing-screen-reader-text\">Click to print (Opens in new window)<\/span><\/a><\/li><li class=\"share-email\"><a rel=\"nofollow noopener noreferrer\" data-shared=\"\" class=\"share-email sd-button share-icon no-text\" href=\"https:\/\/bukkleader.hu\/old\/leader-felhivasok\/?share=email\" target=\"_blank\" title=\"Click to email this to a friend\"><span><\/span><span class=\"sharing-screen-reader-text\">Click to email this to a friend (Opens in new window)<\/span><\/a><\/li><li class=\"share-end\"><\/li><\/ul><\/div><\/div><\/div>","protected":false},"author":4,"featured_media":0,"parent":0,"menu_order":0,"comment_status":"closed","ping_status":"closed","template":"","meta":{"_bbp_topic_count":0,"_bbp_reply_count":0,"_bbp_total_topic_count":0,"_bbp_total_reply_count":0,"_bbp_voice_count":0,"_bbp_anonymous_reply_count":0,"_bbp_topic_count_hidden":0,"_bbp_reply_count_hidden":0,"_bbp_forum_subforum_count":0,"spay_email":""},"jetpack_sharing_enabled":true,"jetpack-related-posts":[{"id":1454,"url":"https:\/\/bukkleader.hu\/old\/leader-felhivasok\/kotelezo-tajekoztatas-es-nyilvanossag-biztositasa\/","url_meta":{"origin":1452,"position":0},"title":"K\u00f6telez\u0151 t\u00e1j\u00e9koztat\u00e1s \u00e9s nyilv\u00e1noss\u00e1g biztos\u00edt\u00e1sa","date":"2017-12-16","format":false,"excerpt":"Vid\u00e9kfejleszt\u00e9si Program Kedvezm\u00e9nyezettek t\u00e1j\u00e9koztat\u00e1si k\u00f6telezetts\u00e9gei 2014-2020. 2.1. A dokumentum olvas\u00e1sa, let\u00f6lt\u00e9se itt>> A B\u00fckk-T\u00e9rs\u00e9gi LEADER Egyes\u00fclet log\u00f3ja let\u00f6lthet\u0151 itt>>","rel":"","context":"Similar post","img":{"alt_text":"btle_logo","src":"https:\/\/i0.wp.com\/bukkleader.hu\/old\/wp-content\/uploads\/2017\/12\/btle_logo.jpg?resize=350%2C200&ssl=1","width":350,"height":200},"classes":[]},{"id":1456,"url":"https:\/\/bukkleader.hu\/old\/leader-felhivasok\/helyi-videkfejlesztesi-strategia-vegrehajtasa-2007-2013\/","url_meta":{"origin":1452,"position":1},"title":"A Helyi Vid\u00e9kfejleszt\u00e9si Strat\u00e9gia V\u00e9grehajt\u00e1sa 2007-2013","date":"2017-12-16","format":false,"excerpt":"B\u00dcKK-MAK LEADER NONPROFIT KFT.; B\u00dcKK-T\u00c9RS\u00c9GI LEADER EGYES\u00dcLET A HELYI VID\u00c9KFEJLESZT\u00c9SI STRAT\u00c9GIA V\u00c9GREHAJT\u00c1SA Z\u00c1R\u00d3JELENT\u00c9S 2007-2013 A dokumentum itt olvashat\u00f3>> BTLE Z\u00e1r\u00f3besz\u00e1mol\u00f3 t\u00e1mogatott p\u00e1ly\u00e1zatok \u00f6sszes\u00edt\u00e9se t\u00e1bl\u00e1zat A t\u00e1bl\u00e1zat itt olvashat\u00f3>>","rel":"","context":"Similar post","img":{"alt_text":"","src":"","width":0,"height":0},"classes":[]},{"id":68,"url":"https:\/\/bukkleader.hu\/old\/strategiank\/","url_meta":{"origin":1452,"position":2},"title":"Strat\u00e9gi\u00e1nk 2007-2014","date":"2015-08-29","format":false,"excerpt":"Eur\u00f3pai Mez\u0151gazdas\u00e1gi Vid\u00e9kfejleszt\u00e9si Alap:\u00a0a vid\u00e9ki ter\u00fcletekbe beruh\u00e1z\u00f3 Eur\u00f3pa Helyi Vid\u00e9kfejleszt\u00e9si Strat\u00e9gia Strat\u00e9gia elolvas\u00e1sa, let\u00f6lt\u00e9se","rel":"","context":"Similar post","img":{"alt_text":"","src":"","width":0,"height":0},"classes":[]},{"id":24,"url":"https:\/\/bukkleader.hu\/old\/rolunk\/","url_meta":{"origin":1452,"position":3},"title":"R\u00f3lunk","date":"2015-08-28","format":false,"excerpt":"A nagy sikereket el\u00e9rt, k\u00f6zel 3 milli\u00e1rd Ft EMVA t\u00e1mogat\u00e1st kip\u00e1ly\u00e1ztat\u00f3 B\u00dcKK-MAK LEADER vid\u00e9kfejleszt\u00e9si k\u00f6z\u00f6ss\u00e9g (www.bukkmakleader.hu) a 2012-2015. id\u0151szakban a B\u00fckk-Miskolc t\u00e9rs\u00e9gr\u0151l p\u00e1ly\u00e1zhat\u00f3 vid\u00e9kfejleszt\u00e9si forr\u00e1sok megszerz\u00e9se \u00e9rdek\u00e9ben, a Vid\u00e9kfejleszt\u00e9si Miniszt\u00e9rium (VM) k\u00f6telez\u0151 el\u0151\u00edr\u00e1s\u00e1nak (54\/2011. VM rendelet) megfelel\u0151en \u2013 miszerint \u201e2012. \u00e1prilis 30-\u00e1t k\u00f6vet\u0151en LEADER HACS c\u00edmmel kiz\u00e1r\u00f3lag egyes\u00fclet rendelkezhet, illetve\u2026","rel":"","context":"Similar post","img":{"alt_text":"","src":"https:\/\/i1.wp.com\/bukkleader.hu\/old\/wp-content\/uploads\/2015\/08\/image003.jpg?resize=350%2C200&ssl=1","width":350,"height":200},"classes":[]},{"id":2,"url":"https:\/\/bukkleader.hu\/old\/kapcsolat\/","url_meta":{"origin":1452,"position":4},"title":"Kapcsolat","date":"2015-08-16","format":false,"excerpt":"Kapcsolat felv\u00e9tel, \u00edrjon nek\u00fcnkEl\u00e9rhet\u0151s\u00e9geinkHACS n\u00e9v: B\u00fckk-T\u00e9rs\u00e9gi LEADER Egyes\u00fcletPostac\u00edm\/\u00fcgyf\u00e9lszolg\u00e1lati iroda c\u00edme: 3554 B\u00fckkaranyos, Nagy-ferenczi tanyaTel.: 46\/576-280Fax: 46\/576-281E-mail:\u00a0hacs@bukkleader.huNyitvatart\u00e1s, \u00fcgyf\u00e9lfogad\u00e1s (telefonon, el\u0151re egyeztetett id\u0151pontban):H\u00e9tf\u0151: 8:00 - 16:00Kedd: 8:00 - 16:00Szerda: 8:00 - 18:00Cs\u00fct\u00f6rt\u00f6k: 8:00 - 16:00P\u00e9ntek: 8:00 - 16:00Megk\u00f6zel\u00edthet\u0151s\u00e9g:","rel":"","context":"Similar post","img":{"alt_text":"","src":"","width":0,"height":0},"classes":[]},{"id":907,"url":"https:\/\/bukkleader.hu\/old\/tagfelvetel\/","url_meta":{"origin":1452,"position":5},"title":"Tagfelv\u00e9tel","date":"2016-05-23","format":false,"excerpt":"A B\u00fckk-T\u00e9rs\u00e9gi LEADER Egyes\u00fclet tagja lehet minden olyan term\u00e9szetes \u00e9s jogi szem\u00e9ly, vagy jogi szem\u00e9lyis\u00e9ggel nem rendelkez\u0151 gazdas\u00e1gi t\u00e1rsas\u00e1g, aki egyet\u00e9rt az Egyes\u00fclet c\u00e9ljaival, elfogadja az alapszab\u00e1lyt, rendszeresen fizeti a tagd\u00edjat \u00e9s felv\u00e9tel\u00e9hez a K\u00f6zgy\u0171l\u00e9s egyszer\u0171 sz\u00f3t\u00f6bbs\u00e9ggel hozott hat\u00e1rozat\u00e1val hozz\u00e1j\u00e1rul. A felv\u00e9teli elj\u00e1r\u00e1s a tagjel\u00f6lt bel\u00e9p\u00e9si nyilatkozat\u00e1nak az Eln\u00f6ks\u00e9ghez val\u00f3\u2026","rel":"","context":"Similar post","img":{"alt_text":"","src":"","width":0,"height":0},"classes":[]}],"_links":{"self":[{"href":"https:\/\/bukkleader.hu\/old\/wp-json\/wp\/v2\/pages\/1452"}],"collection":[{"href":"https:\/\/bukkleader.hu\/old\/wp-json\/wp\/v2\/pages"}],"about":[{"href":"https:\/\/bukkleader.hu\/old\/wp-json\/wp\/v2\/types\/page"}],"author":[{"embeddable":true,"href":"https:\/\/bukkleader.hu\/old\/wp-json\/wp\/v2\/users\/4"}],"replies":[{"embeddable":true,"href":"https:\/\/bukkleader.hu\/old\/wp-json\/wp\/v2\/comments?post=1452"}],"version-history":[{"count":1,"href":"https:\/\/bukkleader.hu\/old\/wp-json\/wp\/v2\/pages\/1452\/revisions"}],"predecessor-version":[{"id":1453,"href":"https:\/\/bukkleader.hu\/old\/wp-json\/wp\/v2\/pages\/1452\/revisions\/1453"}],"wp:attachment":[{"href":"https:\/\/bukkleader.hu\/old\/wp-json\/wp\/v2\/media?parent=1452"}],"curies":[{"name":"wp","href":"https:\/\/api.w.org\/{rel}","templated":true}]}}