{"id":144,"date":"2015-09-01T12:25:24","date_gmt":"2015-09-01T10:25:24","guid":{"rendered":"https:\/\/bukkleader.hu\/old\/new\/?page_id=144"},"modified":"2015-12-03T12:33:44","modified_gmt":"2015-12-03T11:33:44","slug":"mukodesi-koltsegek","status":"publish","type":"page","link":"https:\/\/bukkleader.hu\/old\/mukodesi-koltsegek\/","title":{"rendered":"M\u0171k\u00f6d\u00e9si k\u00f6lts\u00e9gek"},"content":{"rendered":"<h2>A HACS m\u0171k\u00f6d\u00e9si k\u00f6lts\u00e9gei <span class=\"style212\">(friss\u00edtve: 2015.09.23.)<\/span><\/h2>\n<p style=\"text-align: justify;\">A m\u0171k\u00f6d\u00e9si k\u00f6lts\u00e9gek t\u00e9teles elsz\u00e1mol\u00e1sa az MVH fel\u00e9 egy \u00e9s h\u00e1rom havonta beny\u00fajtott kifizet\u00e9si k\u00e9relmek t\u00e9teleinek megfelel\u0151en az al\u00e1bbi linkekre kattintva, t\u00e1mogat\u00e1si id\u0151szakonk\u00e9nt pdf form\u00e1tumban let\u00f6lthet\u0151:<\/p>\n<ol>\n<li class=\"style6\"><a href=\"https:\/\/bukkleader.hu\/old\/wp-content\/uploads\/2015\/09\/koltsegek_12_05_ho_ber.pdf\">2012. m\u00e1jus 01. &#8211; 2012. m\u00e1jus 31. (b\u00e9r ktg.-ek) &gt;&gt;<\/a><\/li>\n<li class=\"style6\"><a href=\"https:\/\/bukkleader.hu\/old\/wp-content\/uploads\/2015\/09\/koltsegek_05_01_06_30.pdf\">2012. m\u00e1jus 01. &#8211; 2012. j\u00fanius 30. &gt;&gt;<\/a><\/li>\n<li class=\"style6\"><a href=\"https:\/\/bukkleader.hu\/old\/wp-content\/uploads\/2015\/09\/koltsegek_07_01_07_31.pdf\">2012. j\u00falius 01. &#8211; 2012. j\u00falius 31. (b\u00e9r ktg.-ek) &gt;&gt;<\/a><\/li>\n<li class=\"style6\"><a href=\"https:\/\/bukkleader.hu\/old\/wp-content\/uploads\/2015\/09\/koltsegek_08_01_08_30.pdf\">2012. augusztus 01. &#8211; 2012. augusztus 30. (b\u00e9r ktg.-ek) &gt;&gt;<\/a><\/li>\n<li class=\"style6\"><a href=\"https:\/\/bukkleader.hu\/old\/wp-content\/uploads\/2015\/09\/koltsegek_07_01_09_30.pdf\">2012. j\u00falius 01. &#8211; 2012. szeptember 30. &gt;&gt;<\/a><\/li>\n<li class=\"style6\"><a href=\"https:\/\/bukkleader.hu\/old\/wp-content\/uploads\/2015\/09\/koltsegek_10_01_10_31.pdf\">2012. okt\u00f3ber 01. &#8211; 2012. okt\u00f3ber 31. (b\u00e9r ktg.-ek) &gt;&gt;<\/a><\/li>\n<li class=\"style6\"><a href=\"https:\/\/bukkleader.hu\/old\/wp-content\/uploads\/2015\/09\/koltsegek_11_01_11_30.pdf\">2012. november 01. &#8211; 2012. november 30. (b\u00e9r ktg.-ek) &gt;&gt;<\/a><\/li>\n<li class=\"style6\"><a href=\"https:\/\/bukkleader.hu\/old\/wp-content\/uploads\/2015\/09\/koltsegek_10_01_12_31.pdf\">2012. okt\u00f3ber 01. &#8211; 2012. december 31. &gt;&gt;<\/a><\/li>\n<li class=\"style6\"><a href=\"https:\/\/bukkleader.hu\/old\/wp-content\/uploads\/2015\/09\/koltsegek_2013_01_ho_ber.pdf\">2013. janu\u00e1r 01. &#8211; 2013. janu\u00e1r 31. (b\u00e9r ktg.-ek) &gt;&gt;<\/a><\/li>\n<li class=\"style6\"><a href=\"https:\/\/bukkleader.hu\/old\/wp-content\/uploads\/2015\/09\/koltsegek_2013_02_ho_ber.pdf\">2013. febru\u00e1r 01. &#8211; 2013. febru\u00e1r 28. (b\u00e9r ktg.-ek) &gt;&gt;<\/a><\/li>\n<li class=\"style6\"><a href=\"https:\/\/bukkleader.hu\/old\/wp-content\/uploads\/2015\/09\/koltsegek013_01_01_03_31.pdf\">2013. janu\u00e1r 01. &#8211; 2013. m\u00e1rcius 31. &gt;&gt;<\/a><\/li>\n<li class=\"style6\"><a href=\"https:\/\/bukkleader.hu\/old\/wp-content\/uploads\/2015\/09\/koltsegek013_04_01_04_30.pdf\">2013. \u00e1prilis 01. &#8211; 2013. \u00e1prilis 30. (b\u00e9r ktg.-ek) &gt;&gt;<\/a><\/li>\n<li class=\"style6\"><a href=\"https:\/\/bukkleader.hu\/old\/wp-content\/uploads\/2015\/09\/koltsegek013_05_01_05_31.pdf\">2013. m\u00e1jus 01. &#8211; 2013. m\u00e1jus 31. (b\u00e9r ktg.-ek) &gt;&gt;<\/a><\/li>\n<li class=\"style6\"><a href=\"https:\/\/bukkleader.hu\/old\/wp-content\/uploads\/2015\/09\/koltsegek013_04_01_06_30.pdf\">2013. \u00e1prilis 01. &#8211; 2013. j\u00fanius 30. &gt;&gt;<\/a><\/li>\n<li class=\"style6\"><a href=\"https:\/\/bukkleader.hu\/old\/wp-content\/uploads\/2015\/09\/koltsegek013_07_01_07_31.pdf\">2013. j\u00falius 01. &#8211; 2013. j\u00falius 31. &gt;&gt;<\/a><\/li>\n<li class=\"style6\"><a href=\"https:\/\/bukkleader.hu\/old\/wp-content\/uploads\/2015\/09\/koltsegek013_08_01_08_31.pdf\">2013. augusztus 01. &#8211; 2013. augusztus 31. &gt;&gt;<\/a><\/li>\n<li class=\"style6\"><a href=\"https:\/\/bukkleader.hu\/old\/wp-content\/uploads\/2015\/09\/koltsegek013_07_01_09_30.pdf\">2013. j\u00falius 01. &#8211; 2013. szeptember 30. &gt;&gt;<\/a><\/li>\n<li class=\"style6\"><a href=\"https:\/\/bukkleader.hu\/old\/wp-content\/uploads\/2015\/09\/koltsegek_2013_10_ho.pdf\">2013. okt\u00f3ber 01. &#8211; 2013. okt\u00f3ber 31. (b\u00e9r ktg.-ek) &gt;&gt;<\/a><\/li>\n<li class=\"style6\"><a href=\"https:\/\/bukkleader.hu\/old\/wp-content\/uploads\/2015\/09\/koltsegek_2013_11_ho.pdf\">2013. november 01. &#8211; 2013. november 30. (b\u00e9r ktg.-ek) &gt;&gt;<\/a><\/li>\n<li class=\"style6\"><a href=\"https:\/\/bukkleader.hu\/old\/wp-content\/uploads\/2015\/09\/koltsegek_20131001_20131231.pdf\">2013. okt\u00f3ber 01. &#8211; 2013. december 31. &gt;&gt;<\/a><\/li>\n<li class=\"style6\"><a href=\"https:\/\/bukkleader.hu\/old\/wp-content\/uploads\/2015\/09\/koltsegek_20140101_20140131.pdf\">2014. janu\u00e1r 01. &#8211; 2014. janu\u00e1r 31. (b\u00e9r ktg.-ek) &gt;&gt;<\/a><\/li>\n<li class=\"style6\"><a href=\"https:\/\/bukkleader.hu\/old\/wp-content\/uploads\/2015\/09\/koltsegek_20140201_20140228.pdf\">2014. febru\u00e1r 01. &#8211; 2014. febru\u00e1r 28. (b\u00e9r ktg.-ek) &gt;&gt;<\/a><\/li>\n<li class=\"style6\"><a href=\"https:\/\/bukkleader.hu\/old\/wp-content\/uploads\/2015\/09\/koltsegek_20140101_20140331.pdf\">2014. janu\u00e1r 01. &#8211; 2014. m\u00e1rcius 31. &gt;&gt;<\/a><\/li>\n<li class=\"style6\"><a href=\"https:\/\/bukkleader.hu\/old\/wp-content\/uploads\/2015\/09\/koltsegek_201404_ber.pdf\">2014. \u00e1prilis 01. &#8211; 2014. \u00e1prilis 30. (b\u00e9r ktg.-ek) &gt;&gt;<\/a><\/li>\n<li class=\"style6\"><a href=\"https:\/\/bukkleader.hu\/old\/wp-content\/uploads\/2015\/09\/2014_04_06.pdf\">2014. \u00e1prilis 01. &#8211; 2014. j\u00fanius 30. &gt;&gt;<\/a><\/li>\n<li class=\"style6\"><a href=\"https:\/\/bukkleader.hu\/old\/wp-content\/uploads\/2015\/09\/2014_07_ber.pdf\">2014. j\u00falius 01. &#8211; 2014. j\u00falius 31. (b\u00e9r ktg.-ek) &gt;&gt;<\/a><\/li>\n<li class=\"style6\"><a href=\"https:\/\/bukkleader.hu\/old\/wp-content\/uploads\/2015\/09\/2014_08_ber.pdf\">2014. augusztus 01. &#8211; 2014. augusztus 31. (b\u00e9r ktg.-ek) &gt;&gt;<\/a><\/li>\n<li class=\"style6\"><a href=\"https:\/\/bukkleader.hu\/old\/wp-content\/uploads\/2015\/09\/2014_07_09.pdf\">2014. j\u00falius 01. &#8211; 2014. szeptember 30. &gt;&gt;<\/a><\/li>\n<li class=\"style6\"><a href=\"https:\/\/bukkleader.hu\/old\/wp-content\/uploads\/2015\/09\/2014_10_ber.pdf\">2014. okt\u00f3ber 01. &#8211; 2014. okt\u00f3ber 31. (b\u00e9r ktg.-ek) &gt;&gt;<\/a><\/li>\n<li class=\"style6\"><a href=\"https:\/\/bukkleader.hu\/old\/wp-content\/uploads\/2015\/09\/2014_11_ber.pdf\">2014. november 01. &#8211; 2014. november 30. (b\u00e9r ktg.-ek) &gt;&gt;<\/a><\/li>\n<li class=\"style6\"><a href=\"https:\/\/bukkleader.hu\/old\/wp-content\/uploads\/2015\/09\/2014_10_12_ho.pdf\">2014. okt\u00f3ber 01. &#8211; 2014. december 31. &gt;&gt;<\/a><\/li>\n<li class=\"style6\"><a href=\"https:\/\/bukkleader.hu\/old\/wp-content\/uploads\/2015\/09\/2015_01_ho_ber.pdf\">2015. janu\u00e1r 01. &#8211; 2015. janu\u00e1r 31. (b\u00e9r ktg.-ek) &gt;&gt;<\/a><\/li>\n<li class=\"style6\"><a href=\"https:\/\/bukkleader.hu\/old\/wp-content\/uploads\/2015\/09\/2015_02_ho_ber.pdf\">2015. febru\u00e1r 01. &#8211; 2015. febru\u00e1r 28. (b\u00e9r ktg.-ek) &gt;&gt;<\/a><\/li>\n<li class=\"style6\"><a href=\"https:\/\/bukkleader.hu\/old\/wp-content\/uploads\/2015\/09\/2015_01_03_ho_egyeb.pdf\">2015. janu\u00e1r 01. &#8211; 2015. m\u00e1rcius 31. &gt;&gt;<\/a><\/li>\n<li class=\"style6\"><a href=\"https:\/\/bukkleader.hu\/old\/wp-content\/uploads\/2015\/09\/2015_04_ho_mber.pdf\">2015. \u00e1prilis 01. &#8211; 2015. \u00e1prilis 30. (b\u00e9r ktg.-ek) &gt;&gt;<\/a><\/li>\n<li class=\"style6\"><a href=\"https:\/\/bukkleader.hu\/old\/wp-content\/uploads\/2015\/09\/2015_05_ho_mber.pdf\">2015. m\u00e1jus 01. &#8211; 2015. m\u00e1jus 31. (b\u00e9r ktg.-ek) &gt;&gt;<\/a><\/li>\n<li class=\"style6\"><a href=\"https:\/\/bukkleader.hu\/old\/wp-content\/uploads\/2015\/09\/201504-06_ho_mukodesi_koltseg.pdf\" target=\"_blank\">2015. \u00e1prilis 01. &#8211; 2015. j\u00fanius 31. &gt;&gt;<\/a><\/li>\n<li class=\"style6\"><a href=\"https:\/\/bukkleader.hu\/old\/wp-content\/uploads\/2015\/09\/201507_-ho_munkaber.pdf\" target=\"_blank\">2015. j\u00falius 01. -2105. j\u00falius 30. (b\u00e9r ktg.-ek) &gt;&gt;<\/a><\/li>\n<li class=\"style6\"><a href=\"https:\/\/bukkleader.hu\/old\/wp-content\/uploads\/2015\/09\/2015.-augusztus-01-2015.-augusztus-31.-b\u00e9r-ktk.-ek.pdf\">2015. augusztus 01- 2015. augusztus 31. b\u00e9r ktk.-ek<\/a>\u00a0<\/li>\n<li class=\"style6\"><a href=\"https:\/\/bukkleader.hu\/old\/wp-content\/uploads\/2015\/09\/2015.j\u00falius-01.-2015.-okt\u00f3ber-30.-m\u0171k\u00f6d\u00e9si-ktg.-ek.pdf\">2015.j\u00falius 01. &#8211; 2015. okt\u00f3ber 30. m\u0171k\u00f6d\u00e9si ktg.-ek<\/a><\/li>\n<\/ol>\n<div class=\"sharedaddy sd-sharing-enabled\"><div class=\"robots-nocontent sd-block sd-social sd-social-icon sd-sharing\"><h3 class=\"sd-title\">Share this:<\/h3><div class=\"sd-content\"><ul><li class=\"share-facebook\"><a rel=\"nofollow noopener noreferrer\" data-shared=\"sharing-facebook-144\" class=\"share-facebook sd-button share-icon no-text\" href=\"https:\/\/bukkleader.hu\/old\/mukodesi-koltsegek\/?share=facebook\" target=\"_blank\" title=\"Click to share on Facebook\"><span><\/span><span class=\"sharing-screen-reader-text\">Click to share on Facebook (Opens in new window)<\/span><\/a><\/li><li class=\"share-twitter\"><a rel=\"nofollow noopener noreferrer\" data-shared=\"sharing-twitter-144\" class=\"share-twitter sd-button share-icon no-text\" href=\"https:\/\/bukkleader.hu\/old\/mukodesi-koltsegek\/?share=twitter\" target=\"_blank\" title=\"Click to share on Twitter\"><span><\/span><span class=\"sharing-screen-reader-text\">Click to share on Twitter (Opens in new window)<\/span><\/a><\/li><li class=\"share-print\"><a rel=\"nofollow noopener noreferrer\" data-shared=\"\" class=\"share-print sd-button share-icon no-text\" href=\"https:\/\/bukkleader.hu\/old\/mukodesi-koltsegek\/\" target=\"_blank\" title=\"Click to print\"><span><\/span><span class=\"sharing-screen-reader-text\">Click to print (Opens in new window)<\/span><\/a><\/li><li class=\"share-email\"><a rel=\"nofollow noopener noreferrer\" data-shared=\"\" class=\"share-email sd-button share-icon no-text\" href=\"https:\/\/bukkleader.hu\/old\/mukodesi-koltsegek\/?share=email\" target=\"_blank\" title=\"Click to email this to a friend\"><span><\/span><span class=\"sharing-screen-reader-text\">Click to email this to a friend (Opens in new window)<\/span><\/a><\/li><li class=\"share-end\"><\/li><\/ul><\/div><\/div><\/div>","protected":false},"excerpt":{"rendered":"<p>A HACS m\u0171k\u00f6d\u00e9si k\u00f6lts\u00e9gei (friss\u00edtve: 2015.09.23.) A m\u0171k\u00f6d\u00e9si k\u00f6lts\u00e9gek t\u00e9teles elsz\u00e1mol\u00e1sa az MVH fel\u00e9 egy \u00e9s h\u00e1rom havonta beny\u00fajtott kifizet\u00e9si k\u00e9relmek t\u00e9teleinek megfelel\u0151en az al\u00e1bbi linkekre kattintva, t\u00e1mogat\u00e1si id\u0151szakonk\u00e9nt pdf form\u00e1tumban let\u00f6lthet\u0151: 2012. m\u00e1jus 01. &#8211; 2012. m\u00e1jus 31. (b\u00e9r ktg.-ek) &gt;&gt; 2012. m\u00e1jus 01. &#8211; 2012. j\u00fanius 30. &gt;&gt; 2012. j\u00falius 01. &#8211; 2012. [&hellip;]<\/p>\n<div class=\"sharedaddy sd-sharing-enabled\"><div class=\"robots-nocontent sd-block sd-social sd-social-icon sd-sharing\"><h3 class=\"sd-title\">Share this:<\/h3><div class=\"sd-content\"><ul><li class=\"share-facebook\"><a rel=\"nofollow noopener noreferrer\" data-shared=\"sharing-facebook-144\" class=\"share-facebook sd-button share-icon no-text\" href=\"https:\/\/bukkleader.hu\/old\/mukodesi-koltsegek\/?share=facebook\" target=\"_blank\" title=\"Click to share on Facebook\"><span><\/span><span class=\"sharing-screen-reader-text\">Click to share on Facebook (Opens in new window)<\/span><\/a><\/li><li class=\"share-twitter\"><a rel=\"nofollow noopener noreferrer\" data-shared=\"sharing-twitter-144\" class=\"share-twitter sd-button share-icon no-text\" href=\"https:\/\/bukkleader.hu\/old\/mukodesi-koltsegek\/?share=twitter\" target=\"_blank\" title=\"Click to share on Twitter\"><span><\/span><span class=\"sharing-screen-reader-text\">Click to share on Twitter (Opens in new window)<\/span><\/a><\/li><li class=\"share-print\"><a rel=\"nofollow noopener noreferrer\" data-shared=\"\" class=\"share-print sd-button share-icon no-text\" href=\"https:\/\/bukkleader.hu\/old\/mukodesi-koltsegek\/\" target=\"_blank\" title=\"Click to print\"><span><\/span><span class=\"sharing-screen-reader-text\">Click to print (Opens in new window)<\/span><\/a><\/li><li class=\"share-email\"><a rel=\"nofollow noopener noreferrer\" data-shared=\"\" class=\"share-email sd-button share-icon no-text\" href=\"https:\/\/bukkleader.hu\/old\/mukodesi-koltsegek\/?share=email\" target=\"_blank\" title=\"Click to email this to a friend\"><span><\/span><span class=\"sharing-screen-reader-text\">Click to email this to a friend (Opens in new window)<\/span><\/a><\/li><li class=\"share-end\"><\/li><\/ul><\/div><\/div><\/div>","protected":false},"author":1,"featured_media":0,"parent":0,"menu_order":0,"comment_status":"closed","ping_status":"closed","template":"","meta":{"_bbp_topic_count":0,"_bbp_reply_count":0,"_bbp_total_topic_count":0,"_bbp_total_reply_count":0,"_bbp_voice_count":0,"_bbp_anonymous_reply_count":0,"_bbp_topic_count_hidden":0,"_bbp_reply_count_hidden":0,"_bbp_forum_subforum_count":0,"spay_email":""},"jetpack_sharing_enabled":true,"jetpack-related-posts":[{"id":24,"url":"https:\/\/bukkleader.hu\/old\/rolunk\/","url_meta":{"origin":144,"position":0},"title":"R\u00f3lunk","date":"2015-08-28","format":false,"excerpt":"A nagy sikereket el\u00e9rt, k\u00f6zel 3 milli\u00e1rd Ft EMVA t\u00e1mogat\u00e1st kip\u00e1ly\u00e1ztat\u00f3 B\u00dcKK-MAK LEADER vid\u00e9kfejleszt\u00e9si k\u00f6z\u00f6ss\u00e9g (www.bukkmakleader.hu) a 2012-2015. id\u0151szakban a B\u00fckk-Miskolc t\u00e9rs\u00e9gr\u0151l p\u00e1ly\u00e1zhat\u00f3 vid\u00e9kfejleszt\u00e9si forr\u00e1sok megszerz\u00e9se \u00e9rdek\u00e9ben, a Vid\u00e9kfejleszt\u00e9si Miniszt\u00e9rium (VM) k\u00f6telez\u0151 el\u0151\u00edr\u00e1s\u00e1nak (54\/2011. VM rendelet) megfelel\u0151en \u2013 miszerint \u201e2012. \u00e1prilis 30-\u00e1t k\u00f6vet\u0151en LEADER HACS c\u00edmmel kiz\u00e1r\u00f3lag egyes\u00fclet rendelkezhet, illetve\u2026","rel":"","context":"Similar post","img":{"alt_text":"","src":"https:\/\/i1.wp.com\/bukkleader.hu\/old\/wp-content\/uploads\/2015\/08\/image003.jpg?resize=350%2C200&ssl=1","width":350,"height":200},"classes":[]},{"id":835,"url":"https:\/\/bukkleader.hu\/old\/strategiank-2014-2020\/","url_meta":{"origin":144,"position":1},"title":"Strat\u00e9gi\u00e1nk 2014-2020","date":"2015-10-23","format":false,"excerpt":"\u00a0 K\u00f6zz\u00e9t\u00e9tel d\u00e1tuma: 2017. 05. 30. A Minisztereln\u00f6ks\u00e9g Agr\u00e1r-vid\u00e9kfejleszt\u00e9s\u00e9rt Felel\u0151s \u00c1llamtitk\u00e1rs\u00e1g\u00e1nak Ir\u00e1ny\u00edt\u00f3 Hat\u00f3s\u00e1ga \u00e9s a B\u00fckk-T\u00e9rs\u00e9gi LEADER Egyes\u00fclet Egy\u00fcttm\u0171k\u00f6d\u00e9si Meg\u00e1llapod\u00e1sa a Helyi Fejleszt\u00e9si Strat\u00e9gia megval\u00f3s\u00edt\u00e1s\u00e1ra \u00e9s a HACS m\u0171k\u00f6d\u00e9si \u00e9s anim\u00e1ci\u00f3s k\u00f6lts\u00e9geinek t\u00e1mogat\u00e1s\u00e1ra. Itt olvashat\u00f3 >> \u00a0 K\u00f6zz\u00e9t\u00e9tel d\u00e1tuma: 2017. 05. 30. A B\u00fckk-T\u00e9rs\u00e9gi LEADER Egyes\u00fclet K\u00f6zgy\u0171l\u00e9se 2017. 05. 29.-\u00e9n\u2026","rel":"","context":"Similar post","img":{"alt_text":"eu-strukturalis-alap700x238-w","src":"https:\/\/i0.wp.com\/bukkleader.hu\/old\/wp-content\/uploads\/2015\/10\/eu-strukturalis-alap700x238-w.jpg?resize=350%2C200&ssl=1","width":350,"height":200},"classes":[]},{"id":34,"url":"https:\/\/bukkleader.hu\/old\/","url_meta":{"origin":144,"position":2},"title":"P\u00e1ly\u00e1z\u00f3k figyelm\u00e9be!  Helyi t\u00e1mogat\u00e1si k\u00e9relem beny\u00fajt\u00e1s\u00e1nak felf\u00fcggeszt\u00e9se!","date":"2015-08-28","format":false,"excerpt":"\u00a0 P\u00e1ly\u00e1z\u00f3k figyelm\u00e9be! Helyi t\u00e1mogat\u00e1si k\u00e9relem beny\u00fajt\u00e1s\u00e1nak felf\u00fcggeszt\u00e9se! T\u00e1j\u00e9koztatjuk\u00a0Tisztelt P\u00e1ly\u00e1z\u00f3inkat, hogy a Temetkez\u00e9si hagyom\u00e1nyok \u00e1pol\u00e1sa (VP6-19.2.1.-15-8-17) elnevez\u00e9s\u0171 t\u00e1mogat\u00e1si k\u00e9relmek tov\u00e1bbi beny\u00fajt\u00e1s\u00e1t\u00a02018. 04. 01.-\u00e9n\u00a0felf\u00fcggesztj\u00fck!\u00a0 Indoka, hogy az els\u0151 p\u00e1ly\u00e1zati szakasz z\u00e1r\u00e1sakor az ig\u00e9nyelt t\u00e1mogat\u00e1sok \u00f6sszege meghaladja a 200%-ot. \u00a0 \u00a0 \u00a0 \u00a0","rel":"","context":"Similar post","img":{"alt_text":"","src":"https:\/\/i2.wp.com\/bukkleader.hu\/old\/wp-content\/uploads\/2017\/12\/danger.png?resize=350%2C200&ssl=1","width":350,"height":200},"classes":[]},{"id":62,"url":"https:\/\/bukkleader.hu\/old\/tagjaink\/","url_meta":{"origin":144,"position":3},"title":"Tagjaink","date":"2015-08-29","format":false,"excerpt":"1. Alacska K\u00f6zs\u00e9g \u00d6nkorm\u00e1nyzata 2. Als\u00f3zsolca V\u00e1ros \u00d6nkorm\u00e1nyzata 3. Arn\u00f3t K\u00f6zs\u00e9g \u00d6nkorm\u00e1nyzata 4. Bog\u00e1cs K\u00f6zs\u00e9g \u00d6nkorm\u00e1nyzata 5. Borsodgeszt K\u00f6zs\u00e9g \u00d6nkorm\u00e1nyzata 6. B\u0151cs K\u00f6zs\u00e9g \u00d6nkorm\u00e1nyzata 7. B\u00fckk\u00e1br\u00e1ny K\u00f6zs\u00e9g \u00d6nkorm\u00e1nyzata 8. B\u00fckkaranyos K\u00f6zs\u00e9gi \u00d6nkorm\u00e1nyzata 9. B\u00fckkszentkereszt K\u00f6zs\u00e9g \u00d6nkorm\u00e1nyzata 10. B\u00fckkzs\u00e9rc K\u00f6zs\u00e9g \u00d6nkorm\u00e1nyzata 11. Cser\u00e9pfalu K\u00f6zs\u00e9g \u00d6nkorm\u00e1nyzata 12. Cser\u00e9pv\u00e1ralja K\u00f6zs\u00e9g \u00d6nkorm\u00e1nyzata 13. D\u00e9destapolcs\u00e1ny\u2026","rel":"","context":"Similar post","img":{"alt_text":"","src":"","width":0,"height":0},"classes":[]}],"_links":{"self":[{"href":"https:\/\/bukkleader.hu\/old\/wp-json\/wp\/v2\/pages\/144"}],"collection":[{"href":"https:\/\/bukkleader.hu\/old\/wp-json\/wp\/v2\/pages"}],"about":[{"href":"https:\/\/bukkleader.hu\/old\/wp-json\/wp\/v2\/types\/page"}],"author":[{"embeddable":true,"href":"https:\/\/bukkleader.hu\/old\/wp-json\/wp\/v2\/users\/1"}],"replies":[{"embeddable":true,"href":"https:\/\/bukkleader.hu\/old\/wp-json\/wp\/v2\/comments?post=144"}],"version-history":[{"count":9,"href":"https:\/\/bukkleader.hu\/old\/wp-json\/wp\/v2\/pages\/144\/revisions"}],"predecessor-version":[{"id":740,"href":"https:\/\/bukkleader.hu\/old\/wp-json\/wp\/v2\/pages\/144\/revisions\/740"}],"wp:attachment":[{"href":"https:\/\/bukkleader.hu\/old\/wp-json\/wp\/v2\/media?parent=144"}],"curies":[{"name":"wp","href":"https:\/\/api.w.org\/{rel}","templated":true}]}}